
{"id":6575,"date":"2023-06-24T11:23:12","date_gmt":"2023-06-24T08:23:12","guid":{"rendered":"http:\/\/mdfirca.com\/?page_id=6575"},"modified":"2023-06-26T11:52:35","modified_gmt":"2023-06-26T08:52:35","slug":"hakkimizda","status":"publish","type":"page","link":"https:\/\/mdfirca.com\/index.php\/hakkimizda\/","title":{"rendered":"HAKKIMIZDA"},"content":{"rendered":"\t\t<div data-elementor-type=\"wp-page\" data-elementor-id=\"6575\" class=\"elementor elementor-6575\">\n\t\t\t\t\t\t\t<div class=\"elementor-element elementor-element-4880e31 e-con-boxed e-flex e-con\" data-id=\"4880e31\" data-element_type=\"container\" data-settings=\"{&quot;content_width&quot;:&quot;boxed&quot;}\">\n\t\t\t\t\t<div class=\"e-con-inner\">\n\t\t<div class=\"elementor-element elementor-element-3558118 e-con-full e-flex e-con\" data-id=\"3558118\" data-element_type=\"container\" data-settings=\"{&quot;content_width&quot;:&quot;full&quot;}\">\n\t\t\t\t<div class=\"elementor-element elementor-element-bb3e000 elementor-widget__width-initial elementor-invisible elementor-widget elementor-widget-image\" data-id=\"bb3e000\" data-element_type=\"widget\" data-settings=\"{&quot;_animation&quot;:&quot;rotateInUpRight&quot;}\" data-widget_type=\"image.default\">\n\t\t\t\t<div class=\"elementor-widget-container\">\n\t\t\t<style>\/*! elementor - v3.13.3 - 28-05-2023 *\/\n.elementor-widget-image{text-align:center}.elementor-widget-image a{display:inline-block}.elementor-widget-image a img[src$=\".svg\"]{width:48px}.elementor-widget-image img{vertical-align:middle;display:inline-block}<\/style>\t\t\t\t\t\t\t\t\t\t\t\t<img loading=\"lazy\" decoding=\"async\" width=\"391\" height=\"357\" src=\"https:\/\/mdfirca.com\/wp-content\/uploads\/2023\/06\/MD_FIRCA-removebg-preview.png\" class=\"attachment-large size-large wp-image-6497\" alt=\"\" srcset=\"https:\/\/mdfirca.com\/wp-content\/uploads\/2023\/06\/MD_FIRCA-removebg-preview.png 391w, https:\/\/mdfirca.com\/wp-content\/uploads\/2023\/06\/MD_FIRCA-removebg-preview-300x274.png 300w\" sizes=\"auto, (max-width: 391px) 100vw, 391px\" \/>\t\t\t\t\t\t\t\t\t\t\t\t\t\t\t<\/div>\n\t\t\t\t<\/div>\n\t\t\t\t<\/div>\n\t\t\t\t<div class=\"elementor-element elementor-element-19665ac elementor-invisible elementor-widget elementor-widget-text-editor\" data-id=\"19665ac\" data-element_type=\"widget\" data-settings=\"{&quot;_animation&quot;:&quot;jello&quot;}\" data-widget_type=\"text-editor.default\">\n\t\t\t\t<div class=\"elementor-widget-container\">\n\t\t\t<style>\/*! elementor - v3.13.3 - 28-05-2023 *\/\n.elementor-widget-text-editor.elementor-drop-cap-view-stacked .elementor-drop-cap{background-color:#69727d;color:#fff}.elementor-widget-text-editor.elementor-drop-cap-view-framed .elementor-drop-cap{color:#69727d;border:3px solid;background-color:transparent}.elementor-widget-text-editor:not(.elementor-drop-cap-view-default) .elementor-drop-cap{margin-top:8px}.elementor-widget-text-editor:not(.elementor-drop-cap-view-default) .elementor-drop-cap-letter{width:1em;height:1em}.elementor-widget-text-editor .elementor-drop-cap{float:left;text-align:center;line-height:1;font-size:50px}.elementor-widget-text-editor .elementor-drop-cap-letter{display:inline-block}<\/style>\t\t\t\t<div style=\"mso-element: para-border-div; border: solid #D9D9E3 1.0pt; mso-border-alt: solid #D9D9E3 .25pt; padding: 0cm 0cm 0cm 0cm;\"><p class=\"MsoNormal\" style=\"margin-bottom: 15.0pt; line-height: normal; border: none; mso-border-alt: solid #D9D9E3 .25pt; padding: 0cm; mso-padding-alt: 0cm 0cm 0cm 0cm;\"><span style=\"font-size: 13.5pt; font-family: 'Segoe UI','sans-serif'; mso-fareast-font-family: 'Times New Roman'; color: black; mso-fareast-language: TR;\">MD FIR\u00c7A, Mersin \u015fehrinde plastik \u00fcr\u00fcnlerin toptan sat\u0131\u015f\u0131n\u0131 ger\u00e7ekle\u015ftiren bir \u015firkettir. Uzun y\u0131llara dayanan deneyimi ve geni\u015f \u00fcr\u00fcn yelpazesiyle m\u00fc\u015fterilerine hizmet vermektedir. \u015eirketimiz, kaliteli ve \u00e7e\u015fitli plastik \u00fcr\u00fcnleri tedarik ederek end\u00fcstriyel sekt\u00f6rlerin ihtiya\u00e7lar\u0131n\u0131 kar\u015f\u0131lamay\u0131 hedeflemektedir.<\/span><\/p><p class=\"MsoNormal\" style=\"line-height: normal; border: none; mso-border-alt: solid #D9D9E3 .25pt; padding: 0cm; mso-padding-alt: 0cm 0cm 0cm 0cm; margin: 15.0pt 0cm 15.0pt 0cm;\"><span style=\"font-size: 13.5pt; font-family: 'Segoe UI','sans-serif'; mso-fareast-font-family: 'Times New Roman'; color: black; mso-fareast-language: TR;\">MD FIR\u00c7A olarak, m\u00fc\u015fteri memnuniyetini en \u00fcst d\u00fczeyde tutmaya \u00f6nem veriyoruz. M\u00fc\u015fterilerimize, uygun fiyatlarla kaliteli plastik \u00fcr\u00fcnler sunarken, zaman\u0131nda teslimat ve g\u00fcvenilirlik gibi konularda da kendimize g\u00fcveniyoruz. \u0130\u015f ortaklar\u0131m\u0131za sa\u011flad\u0131\u011f\u0131m\u0131z \u00fcr\u00fcnler aras\u0131nda plastik ambalaj malzemeleri, kaplar, ekipmanlar ve di\u011fer plastik \u00fcr\u00fcnler bulunmaktad\u0131r.<\/span><\/p><p class=\"MsoNormal\" style=\"line-height: normal; border: none; mso-border-alt: solid #D9D9E3 .25pt; padding: 0cm; mso-padding-alt: 0cm 0cm 0cm 0cm; margin: 15.0pt 0cm 15.0pt 0cm;\"><span style=\"font-size: 13.5pt; font-family: 'Segoe UI','sans-serif'; mso-fareast-font-family: 'Times New Roman'; color: black; mso-fareast-language: TR;\">Firmam\u0131z, sekt\u00f6rdeki yenilikleri takip ederek ve m\u00fc\u015fteri taleplerine odaklanarak s\u00fcrekli olarak \u00fcr\u00fcn yelpazesini geni\u015fletmektedir. \u00c7evre dostu malzemeleri tercih ederken kalite standartlar\u0131ndan \u00f6d\u00fcn vermemeye \u00f6zen g\u00f6steriyoruz. Plastik \u00fcr\u00fcnlerin yan\u0131 s\u0131ra, \u00e7e\u015fitli renk ve boyut se\u00e7enekleriyle m\u00fc\u015fterilerimize \u00f6zelle\u015ftirilmi\u015f \u00e7\u00f6z\u00fcmler sunmaktay\u0131z.<\/span><\/p><p class=\"MsoNormal\" style=\"line-height: normal; border: none; mso-border-alt: solid #D9D9E3 .25pt; padding: 0cm; mso-padding-alt: 0cm 0cm 0cm 0cm; margin: 15.0pt 0cm 15.0pt 0cm;\"><span style=\"font-size: 13.5pt; font-family: 'Segoe UI','sans-serif'; mso-fareast-font-family: 'Times New Roman'; color: black; mso-fareast-language: TR;\">Mersin Plastik Toptanc\u0131 olarak, profesyonel ve deneyimli bir ekip taraf\u0131ndan destekleniyoruz. Personelimiz, m\u00fc\u015fterilerimizin ihtiya\u00e7lar\u0131n\u0131 anlamak ve en uygun \u00e7\u00f6z\u00fcmleri sunmak i\u00e7in \u00e7al\u0131\u015fmaktad\u0131r. M\u00fc\u015fteri ili\u015fkilerine \u00f6nem veriyor ve uzun vadeli i\u015fbirliklerine odaklan\u0131yoruz. M\u00fc\u015fterilerimizin beklentilerini a\u015fmak i\u00e7in s\u00fcrekli olarak kendimizi geli\u015ftiriyor ve m\u00fc\u015fteri geri bildirimlerini dikkate al\u0131yoruz.<\/span><\/p><p class=\"MsoNormal\" style=\"line-height: normal; border: none; mso-border-alt: solid #D9D9E3 .25pt; padding: 0cm; mso-padding-alt: 0cm 0cm 0cm 0cm; margin: 15.0pt 0cm 15.0pt 0cm;\"><span style=\"font-size: 13.5pt; font-family: 'Segoe UI','sans-serif'; mso-fareast-font-family: 'Times New Roman'; color: black; mso-fareast-language: TR;\">MD FIR\u00c7A olarak, sekt\u00f6rdeki g\u00fc\u00e7l\u00fc a\u011f\u0131m\u0131z, rekabet\u00e7i fiyatlar\u0131m\u0131z ve kaliteli \u00fcr\u00fcnlerimizle \u00f6ne \u00e7\u0131kmaktay\u0131z. M\u00fc\u015fterilerimize h\u0131zl\u0131 ve etkili hizmet sunmak i\u00e7in lojistik s\u00fcre\u00e7lerimizi optimize ediyoruz. Ayr\u0131ca, m\u00fc\u015fterilerimize teknik destek ve sat\u0131\u015f sonras\u0131 hizmetler sa\u011flamak i\u00e7in uzman kadromuzla birlikte \u00e7al\u0131\u015f\u0131yoruz.<\/span><\/p><\/div><div style=\"mso-element: para-border-div; border: none; border-top: solid windowtext 1.0pt; mso-border-top-alt: solid windowtext .75pt; padding: 1.0pt 0cm 0cm 0cm;\"><p class=\"MsoNormal\" style=\"margin-bottom: .0001pt; text-align: center; line-height: normal; border: none; mso-border-top-alt: solid windowtext .75pt; padding: 0cm; mso-padding-alt: 1.0pt 0cm 0cm 0cm;\" align=\"center\"><span style=\"font-size: 8.0pt; font-family: 'Arial','sans-serif'; mso-fareast-font-family: 'Times New Roman'; display: none; mso-hide: all; mso-fareast-language: TR;\">Formun Alt\u0131<\/span><\/p><\/div><p class=\"MsoNormal\">\u00a0<\/p>\t\t\t\t\t\t<\/div>\n\t\t\t\t<\/div>\n\t\t\t\t\t<\/div>\n\t\t\t\t<\/div>\n\t\t\t\t\t\t\t<\/div>\n\t\t","protected":false},"excerpt":{"rendered":"<p>MD FIR\u00c7A, Mersin \u015fehrinde plastik \u00fcr\u00fcnlerin toptan sat\u0131\u015f\u0131n\u0131 ger\u00e7ekle\u015ftiren bir \u015firkettir. Uzun y\u0131llara dayanan deneyimi ve geni\u015f \u00fcr\u00fcn yelpazesiyle m\u00fc\u015fterilerine hizmet vermektedir. \u015eirketimiz, kaliteli ve \u00e7e\u015fitli plastik \u00fcr\u00fcnleri tedarik ederek end\u00fcstriyel sekt\u00f6rlerin ihtiya\u00e7lar\u0131n\u0131 kar\u015f\u0131lamay\u0131 hedeflemektedir. MD FIR\u00c7A olarak, m\u00fc\u015fteri memnuniyetini en \u00fcst d\u00fczeyde tutmaya \u00f6nem veriyoruz. M\u00fc\u015fterilerimize, uygun fiyatlarla kaliteli plastik \u00fcr\u00fcnler sunarken, zaman\u0131nda teslimat [&hellip;]<\/p>\n","protected":false},"author":1,"featured_media":6511,"parent":0,"menu_order":0,"comment_status":"closed","ping_status":"closed","template":"","meta":{"inline_featured_image":false,"footnotes":""},"class_list":["post-6575","page","type-page","status-publish","has-post-thumbnail","hentry"],"_links":{"self":[{"href":"https:\/\/mdfirca.com\/index.php\/wp-json\/wp\/v2\/pages\/6575","targetHints":{"allow":["GET"]}}],"collection":[{"href":"https:\/\/mdfirca.com\/index.php\/wp-json\/wp\/v2\/pages"}],"about":[{"href":"https:\/\/mdfirca.com\/index.php\/wp-json\/wp\/v2\/types\/page"}],"author":[{"embeddable":true,"href":"https:\/\/mdfirca.com\/index.php\/wp-json\/wp\/v2\/users\/1"}],"replies":[{"embeddable":true,"href":"https:\/\/mdfirca.com\/index.php\/wp-json\/wp\/v2\/comments?post=6575"}],"version-history":[{"count":8,"href":"https:\/\/mdfirca.com\/index.php\/wp-json\/wp\/v2\/pages\/6575\/revisions"}],"predecessor-version":[{"id":6592,"href":"https:\/\/mdfirca.com\/index.php\/wp-json\/wp\/v2\/pages\/6575\/revisions\/6592"}],"wp:featuredmedia":[{"embeddable":true,"href":"https:\/\/mdfirca.com\/index.php\/wp-json\/wp\/v2\/media\/6511"}],"wp:attachment":[{"href":"https:\/\/mdfirca.com\/index.php\/wp-json\/wp\/v2\/media?parent=6575"}],"curies":[{"name":"wp","href":"https:\/\/api.w.org\/{rel}","templated":true}]}}