{"id":6537,"date":"2023-06-12T20:35:20","date_gmt":"2023-06-12T17:35:20","guid":{"rendered":"https:\/\/mdfirca.com\/?post_type=product&#038;p=6537"},"modified":"2023-06-12T20:35:21","modified_gmt":"2023-06-12T17:35:21","slug":"siliver-50-cm-makarna-yedek-sv-195","status":"publish","type":"product","link":"https:\/\/mdfirca.com\/index.php\/product\/siliver-50-cm-makarna-yedek-sv-195\/","title":{"rendered":"S\u0130L\u0130VER 50 CM MAKARNA YEDEK &#8211; SV-195"},"content":{"rendered":"<p>S\u0130L\u0130VER 50 CM MAKARNA YEDEK &#8211; SV-195<\/p>\n","protected":false},"excerpt":{"rendered":"<p>S\u0130L\u0130VER 50 CM MAKARNA YEDEK &#8211; SV-195<\/p>\n","protected":false},"featured_media":6538,"comment_status":"open","ping_status":"closed","template":"","meta":{"inline_featured_image":false},"product_cat":[53],"product_tag":[],"class_list":["post-6537","product","type-product","status-publish","has-post-thumbnail","hentry","product_cat-temizlik-malzemeleri"],"_links":{"self":[{"href":"https:\/\/mdfirca.com\/index.php\/wp-json\/wp\/v2\/product\/6537","targetHints":{"allow":["GET"]}}],"collection":[{"href":"https:\/\/mdfirca.com\/index.php\/wp-json\/wp\/v2\/product"}],"about":[{"href":"https:\/\/mdfirca.com\/index.php\/wp-json\/wp\/v2\/types\/product"}],"replies":[{"embeddable":true,"href":"https:\/\/mdfirca.com\/index.php\/wp-json\/wp\/v2\/comments?post=6537"}],"wp:featuredmedia":[{"embeddable":true,"href":"https:\/\/mdfirca.com\/index.php\/wp-json\/wp\/v2\/media\/6538"}],"wp:attachment":[{"href":"https:\/\/mdfirca.com\/index.php\/wp-json\/wp\/v2\/media?parent=6537"}],"wp:term":[{"taxonomy":"product_cat","embeddable":true,"href":"https:\/\/mdfirca.com\/index.php\/wp-json\/wp\/v2\/product_cat?post=6537"},{"taxonomy":"product_tag","embeddable":true,"href":"https:\/\/mdfirca.com\/index.php\/wp-json\/wp\/v2\/product_tag?post=6537"}],"curies":[{"name":"wp","href":"https:\/\/api.w.org\/{rel}","templated":true}]}}