{"id":6539,"date":"2023-06-12T20:36:39","date_gmt":"2023-06-12T17:36:39","guid":{"rendered":"https:\/\/mdfirca.com\/?post_type=product&#038;p=6539"},"modified":"2023-06-12T20:36:39","modified_gmt":"2023-06-12T17:36:39","slug":"derin-50-lt-battal-cop-kovasi-ckb1150","status":"publish","type":"product","link":"https:\/\/mdfirca.com\/index.php\/product\/derin-50-lt-battal-cop-kovasi-ckb1150\/","title":{"rendered":"DER\u0130N 50 LT BATTAL \u00c7\u00d6P KOVASI -CKB1150"},"content":{"rendered":"<p>DER\u0130N 50 LT BATTAL \u00c7\u00d6P KOVASI -CKB1150<\/p>\n","protected":false},"excerpt":{"rendered":"<p>DER\u0130N 50 LT BATTAL \u00c7\u00d6P KOVASI -CKB1150<\/p>\n","protected":false},"featured_media":6540,"comment_status":"open","ping_status":"closed","template":"","meta":{"inline_featured_image":false},"product_cat":[56],"product_tag":[],"class_list":["post-6539","product","type-product","status-publish","has-post-thumbnail","hentry","product_cat-plastik-malzemeleri"],"_links":{"self":[{"href":"https:\/\/mdfirca.com\/index.php\/wp-json\/wp\/v2\/product\/6539","targetHints":{"allow":["GET"]}}],"collection":[{"href":"https:\/\/mdfirca.com\/index.php\/wp-json\/wp\/v2\/product"}],"about":[{"href":"https:\/\/mdfirca.com\/index.php\/wp-json\/wp\/v2\/types\/product"}],"replies":[{"embeddable":true,"href":"https:\/\/mdfirca.com\/index.php\/wp-json\/wp\/v2\/comments?post=6539"}],"wp:featuredmedia":[{"embeddable":true,"href":"https:\/\/mdfirca.com\/index.php\/wp-json\/wp\/v2\/media\/6540"}],"wp:attachment":[{"href":"https:\/\/mdfirca.com\/index.php\/wp-json\/wp\/v2\/media?parent=6539"}],"wp:term":[{"taxonomy":"product_cat","embeddable":true,"href":"https:\/\/mdfirca.com\/index.php\/wp-json\/wp\/v2\/product_cat?post=6539"},{"taxonomy":"product_tag","embeddable":true,"href":"https:\/\/mdfirca.com\/index.php\/wp-json\/wp\/v2\/product_tag?post=6539"}],"curies":[{"name":"wp","href":"https:\/\/api.w.org\/{rel}","templated":true}]}}